{"id":865,"date":"2022-07-30T11:03:26","date_gmt":"2022-07-30T11:03:26","guid":{"rendered":"http:\/\/easyfinancetechnology.com\/?page_id=865"},"modified":"2022-07-30T11:23:09","modified_gmt":"2022-07-30T11:23:09","slug":"muggy-kafe","status":"publish","type":"page","link":"http:\/\/easyfinancetechnology.com\/?page_id=865","title":{"rendered":"Muggy Kafe"},"content":{"rendered":"<ul>\n<li style=\"list-style-type: none;\">\n<ul>\n<li>\n<h1>Muggy Men\u00fc<\/h1>\n<\/li>\n<\/ul>\n<\/li>\n<\/ul>\n<ul>\n<li><img loading=\"lazy\" class=\"alignnone wp-image-868 size-full\" src=\"http:\/\/easyfinancetechnology.com\/wp-content\/uploads\/2022\/07\/IMG_20220729_221646_794-scaled.jpg\" alt=\"\" width=\"2560\" height=\"1920\" srcset=\"http:\/\/easyfinancetechnology.com\/wp-content\/uploads\/2022\/07\/IMG_20220729_221646_794-scaled.jpg 2560w, http:\/\/easyfinancetechnology.com\/wp-content\/uploads\/2022\/07\/IMG_20220729_221646_794-300x225.jpg 300w, http:\/\/easyfinancetechnology.com\/wp-content\/uploads\/2022\/07\/IMG_20220729_221646_794-1024x768.jpg 1024w, http:\/\/easyfinancetechnology.com\/wp-content\/uploads\/2022\/07\/IMG_20220729_221646_794-768x576.jpg 768w, http:\/\/easyfinancetechnology.com\/wp-content\/uploads\/2022\/07\/IMG_20220729_221646_794-1536x1152.jpg 1536w, http:\/\/easyfinancetechnology.com\/wp-content\/uploads\/2022\/07\/IMG_20220729_221646_794-2048x1536.jpg 2048w\" sizes=\"(max-width: 2560px) 100vw, 2560px\" \/><\/li>\n<\/ul>\n<h1 style=\"text-align: center;\">Yeni \u00dcr\u00fcn\u00fcm\u00fcz Cup da dondurma<\/h1>\n<ul>\n<li><img loading=\"lazy\" class=\"wp-image-874 size-full alignnone\" src=\"http:\/\/easyfinancetechnology.com\/wp-content\/uploads\/2022\/07\/IMG_20220727_214004_254-scaled.jpg\" alt=\"\" width=\"1920\" height=\"2560\" srcset=\"http:\/\/easyfinancetechnology.com\/wp-content\/uploads\/2022\/07\/IMG_20220727_214004_254-scaled.jpg 1920w, http:\/\/easyfinancetechnology.com\/wp-content\/uploads\/2022\/07\/IMG_20220727_214004_254-225x300.jpg 225w, http:\/\/easyfinancetechnology.com\/wp-content\/uploads\/2022\/07\/IMG_20220727_214004_254-768x1024.jpg 768w, http:\/\/easyfinancetechnology.com\/wp-content\/uploads\/2022\/07\/IMG_20220727_214004_254-1152x1536.jpg 1152w, http:\/\/easyfinancetechnology.com\/wp-content\/uploads\/2022\/07\/IMG_20220727_214004_254-1536x2048.jpg 1536w\" sizes=\"(max-width: 1920px) 100vw, 1920px\" \/><\/li>\n<\/ul>\n<p>&nbsp;<\/p>\n<p><strong>Muggy de g\u00fcnl\u00fck aktivite<\/strong>: G\u00fcnd\u00fcz do\u011fum g\u00fcn\u00fc ve di\u011fer toplant\u0131lar\u0131n\u0131z organize edilir<\/p>\n<ul>\n<li style=\"list-style-type: none;\">\n<ul>\n<li><img loading=\"lazy\" class=\"size-medium wp-image-873 alignleft\" src=\"http:\/\/easyfinancetechnology.com\/wp-content\/uploads\/2022\/07\/IMG_20220726_183601_202-300x225.jpg\" alt=\"\" width=\"300\" height=\"225\" srcset=\"http:\/\/easyfinancetechnology.com\/wp-content\/uploads\/2022\/07\/IMG_20220726_183601_202-300x225.jpg 300w, http:\/\/easyfinancetechnology.com\/wp-content\/uploads\/2022\/07\/IMG_20220726_183601_202-1024x768.jpg 1024w, http:\/\/easyfinancetechnology.com\/wp-content\/uploads\/2022\/07\/IMG_20220726_183601_202-768x576.jpg 768w, http:\/\/easyfinancetechnology.com\/wp-content\/uploads\/2022\/07\/IMG_20220726_183601_202-1536x1152.jpg 1536w, http:\/\/easyfinancetechnology.com\/wp-content\/uploads\/2022\/07\/IMG_20220726_183601_202-2048x1536.jpg 2048w\" sizes=\"(max-width: 300px) 100vw, 300px\" \/><img loading=\"lazy\" class=\"alignnone size-medium wp-image-875\" src=\"http:\/\/easyfinancetechnology.com\/wp-content\/uploads\/2022\/07\/IMG_20220723_133834_348-225x300.jpg\" alt=\"\" width=\"225\" height=\"300\" srcset=\"http:\/\/easyfinancetechnology.com\/wp-content\/uploads\/2022\/07\/IMG_20220723_133834_348-225x300.jpg 225w, http:\/\/easyfinancetechnology.com\/wp-content\/uploads\/2022\/07\/IMG_20220723_133834_348-768x1024.jpg 768w, http:\/\/easyfinancetechnology.com\/wp-content\/uploads\/2022\/07\/IMG_20220723_133834_348-1152x1536.jpg 1152w, http:\/\/easyfinancetechnology.com\/wp-content\/uploads\/2022\/07\/IMG_20220723_133834_348-1536x2048.jpg 1536w, http:\/\/easyfinancetechnology.com\/wp-content\/uploads\/2022\/07\/IMG_20220723_133834_348-scaled.jpg 1920w\" sizes=\"(max-width: 225px) 100vw, 225px\" \/><\/li>\n<\/ul>\n<\/li>\n<\/ul>\n<h1><strong><img loading=\"lazy\" class=\"size-medium wp-image-880 aligncenter\" src=\"http:\/\/easyfinancetechnology.com\/wp-content\/uploads\/2022\/07\/exported_qrcode_image_600-5-300x300.png\" alt=\"\" width=\"300\" height=\"300\" srcset=\"http:\/\/easyfinancetechnology.com\/wp-content\/uploads\/2022\/07\/exported_qrcode_image_600-5-300x300.png 300w, http:\/\/easyfinancetechnology.com\/wp-content\/uploads\/2022\/07\/exported_qrcode_image_600-5-150x150.png 150w, http:\/\/easyfinancetechnology.com\/wp-content\/uploads\/2022\/07\/exported_qrcode_image_600-5.png 600w\" sizes=\"(max-width: 300px) 100vw, 300px\" \/><br \/>\n<\/strong><\/h1>\n","protected":false},"excerpt":{"rendered":"<p>Muggy Men\u00fc Yeni \u00dcr\u00fcn\u00fcm\u00fcz Cup da dondurma &nbsp; Muggy de g\u00fcnl\u00fck aktivite: G\u00fcnd\u00fcz do\u011fum g\u00fcn\u00fc ve di\u011fer toplant\u0131lar\u0131n\u0131z organize edilir<\/p>\n","protected":false},"author":1,"featured_media":0,"parent":0,"menu_order":0,"comment_status":"closed","ping_status":"closed","template":"","meta":[],"_links":{"self":[{"href":"http:\/\/easyfinancetechnology.com\/index.php?rest_route=\/wp\/v2\/pages\/865"}],"collection":[{"href":"http:\/\/easyfinancetechnology.com\/index.php?rest_route=\/wp\/v2\/pages"}],"about":[{"href":"http:\/\/easyfinancetechnology.com\/index.php?rest_route=\/wp\/v2\/types\/page"}],"author":[{"embeddable":true,"href":"http:\/\/easyfinancetechnology.com\/index.php?rest_route=\/wp\/v2\/users\/1"}],"replies":[{"embeddable":true,"href":"http:\/\/easyfinancetechnology.com\/index.php?rest_route=%2Fwp%2Fv2%2Fcomments&post=865"}],"version-history":[{"count":8,"href":"http:\/\/easyfinancetechnology.com\/index.php?rest_route=\/wp\/v2\/pages\/865\/revisions"}],"predecessor-version":[{"id":877,"href":"http:\/\/easyfinancetechnology.com\/index.php?rest_route=\/wp\/v2\/pages\/865\/revisions\/877"}],"wp:attachment":[{"href":"http:\/\/easyfinancetechnology.com\/index.php?rest_route=%2Fwp%2Fv2%2Fmedia&parent=865"}],"curies":[{"name":"wp","href":"https:\/\/api.w.org\/{rel}","templated":true}]}}